{"id":183,"date":"2024-03-13T03:13:35","date_gmt":"2024-03-13T03:13:35","guid":{"rendered":"https:\/\/alfredofenollar.com\/tienda\/?post_type=product&#038;p=183"},"modified":"2024-05-31T00:53:28","modified_gmt":"2024-05-31T00:53:28","slug":"adoquin-6x10x20-con-bisel","status":"publish","type":"product","link":"https:\/\/alfredofenollar.com\/tienda\/producto\/adoquin-6x10x20-con-bisel\/","title":{"rendered":"Adoqu\u00edn 6x10x20 con bisel"},"content":{"rendered":"<p><u><\/u>Adoqu\u00edn prefabricado de hormig\u00f3n de peque\u00f1o formato,6x10x20 Cm,m\u00e1s utilizado en exteriores por su versatilidad y facilidad de colocaci\u00f3n. Es un pavimento de doble capa con propiedades antideslizantes y con una alta durabilidad. Por su formato, es un elemento que se puede combinar con todo tipo de pavimentos de Fenollar, permitiendo as\u00ed generar una gran variedad de geometr\u00edas y variaciones crom\u00e1ticas. Por sus caracter\u00edsticas de resistencia mec\u00e1nica a la rotura, impacto y desgaste, este producto es ideal para usos en zonas exteriores de tr\u00e1fico de veh\u00edculos ligero, aceras, parques, jardines, piscinas, plazas, bulevares y zonas de car\u00e1cter ornamental para accesos a edificios. <strong><span style=\"vertical-align: inherit;\"><span style=\"vertical-align: inherit;\"><span style=\"vertical-align: inherit;\"><span style=\"vertical-align: inherit;\"><span style=\"vertical-align: inherit;\"><span style=\"vertical-align: inherit;\"><span style=\"vertical-align: inherit;\"><span style=\"vertical-align: inherit;\">Ref Gris : 04506<\/span><\/span><\/span><\/span><\/span><\/span><\/span><\/span><\/strong><\/p>\n","protected":false},"excerpt":{"rendered":"<p><span style=\"vertical-align: inherit;\"><span style=\"vertical-align: inherit;\"><span style=\"vertical-align: inherit;\"><span style=\"vertical-align: inherit;\"><span style=\"vertical-align: inherit;\"><span style=\"vertical-align: inherit;\"><span style=\"vertical-align: inherit;\"><span style=\"vertical-align: inherit;\">Adoqu\u00edn prefabricado de hormig\u00f3n de peque\u00f1o formato,6x10x20 Cm,m\u00e1s utilizado en exteriores por su versatilidad y facilidad de colocaci\u00f3n. Es un pavimento de doble capa con propiedades antideslizantes y con una alta durabilidad. Por su formato, es un elemento que se puede combinar con todo tipo de pavimentos de Fenollar, permitiendo as\u00ed generar una gran variedad de geometr\u00edas y variaciones crom\u00e1ticas. Por sus caracter\u00edsticas de resistencia mec\u00e1nica a la rotura, impacto y desgaste, este producto es ideal para usos en zonas exteriores de tr\u00e1fico de veh\u00edculos ligero, aceras, parques, jardines, piscinas, plazas, bulevares y zonas de car\u00e1cter ornamental para accesos a edificios.<\/span><\/span><\/span><\/span><\/span><\/span><\/span><\/span><\/p>\n<p><span style=\"vertical-align: inherit;\"><span style=\"vertical-align: inherit;\"><span style=\"vertical-align: inherit;\"><span style=\"vertical-align: inherit;\"><span style=\"vertical-align: inherit;\"><span style=\"vertical-align: inherit;\"><span style=\"vertical-align: inherit;\"><span style=\"vertical-align: inherit;\">Ref Gris : 04506<\/span><\/span><\/span><\/span><\/span><\/span><\/span><\/span><\/p>\n","protected":false},"featured_media":187,"template":"","meta":{"_acf_changed":false,"_kad_post_transparent":"","_kad_post_title":"","_kad_post_layout":"","_kad_post_sidebar_id":"","_kad_post_content_style":"","_kad_post_vertical_padding":"","_kad_post_feature":"","_kad_post_feature_position":"","_kad_post_header":false,"_kad_post_footer":false,"_kad_post_classname":""},"product_brand":[],"product_cat":[21],"product_tag":[32,33,31],"class_list":{"0":"post-183","1":"product","2":"type-product","3":"status-publish","4":"has-post-thumbnail","6":"product_cat-horizontal","7":"product_tag-adoquin","8":"product_tag-bisel","9":"product_tag-gris","11":"first","12":"instock","13":"taxable","14":"shipping-taxable","15":"purchasable","16":"product-type-variable","17":"entry","18":"content-bg","19":"loop-entry"},"acf":[],"_links":{"self":[{"href":"https:\/\/alfredofenollar.com\/tienda\/wp-json\/wp\/v2\/product\/183","targetHints":{"allow":["GET"]}}],"collection":[{"href":"https:\/\/alfredofenollar.com\/tienda\/wp-json\/wp\/v2\/product"}],"about":[{"href":"https:\/\/alfredofenollar.com\/tienda\/wp-json\/wp\/v2\/types\/product"}],"version-history":[{"count":23,"href":"https:\/\/alfredofenollar.com\/tienda\/wp-json\/wp\/v2\/product\/183\/revisions"}],"predecessor-version":[{"id":835,"href":"https:\/\/alfredofenollar.com\/tienda\/wp-json\/wp\/v2\/product\/183\/revisions\/835"}],"wp:featuredmedia":[{"embeddable":true,"href":"https:\/\/alfredofenollar.com\/tienda\/wp-json\/wp\/v2\/media\/187"}],"wp:attachment":[{"href":"https:\/\/alfredofenollar.com\/tienda\/wp-json\/wp\/v2\/media?parent=183"}],"wp:term":[{"taxonomy":"product_brand","embeddable":true,"href":"https:\/\/alfredofenollar.com\/tienda\/wp-json\/wp\/v2\/product_brand?post=183"},{"taxonomy":"product_cat","embeddable":true,"href":"https:\/\/alfredofenollar.com\/tienda\/wp-json\/wp\/v2\/product_cat?post=183"},{"taxonomy":"product_tag","embeddable":true,"href":"https:\/\/alfredofenollar.com\/tienda\/wp-json\/wp\/v2\/product_tag?post=183"}],"curies":[{"name":"wp","href":"https:\/\/api.w.org\/{rel}","templated":true}]}}