{"id":181,"date":"2024-03-13T03:13:35","date_gmt":"2024-03-13T03:13:35","guid":{"rendered":"https:\/\/alfredofenollar.com\/tienda\/?post_type=product&#038;p=181"},"modified":"2024-05-31T00:53:16","modified_gmt":"2024-05-31T00:53:16","slug":"adoquin-8x10x20-con-bisel","status":"publish","type":"product","link":"https:\/\/alfredofenollar.com\/tienda\/producto\/adoquin-8x10x20-con-bisel\/","title":{"rendered":"Adoqu\u00edn 8x10x20 con bisel"},"content":{"rendered":"<p><u><\/u>Adoqu\u00edn prefabricado de hormig\u00f3n de peque\u00f1o formato,8x10x20 Cm, m\u00e1s utilizado en exteriores por su versatilidad y facilidad de colocaci\u00f3n. Es un pavimento de doble capa con propiedades antideslizantes y con una alta durabilidad. Por su formato, es un elemento que se puede combinar con todo tipo de pavimentos de Fenollar, permitiendo as\u00ed generar una gran variedad de geometr\u00edas y variaciones crom\u00e1ticas. Por sus caracter\u00edsticas de resistencia mec\u00e1nica a la rotura, impacto y desgaste, este producto es ideal para usos en zonas exteriores de tr\u00e1fico de veh\u00edculos ligero, aceras, parques, jardines, piscinas, plazas, bulevares y zonas de car\u00e1cter ornamental para accesos a edificios.<\/p>\n<p><strong>Disponible en Gris \u00a0y Negro. \/ Ref Gris : 04524 \/ Ref Negro : 04454 \/ Norma UNE-EN 1338<\/strong><\/p>\n","protected":false},"excerpt":{"rendered":"<p><u><\/u>Adoqu\u00edn prefabricado de hormig\u00f3n de peque\u00f1o formato,8x10x20 Cm, m\u00e1s utilizado en exteriores por su versatilidad y facilidad de colocaci\u00f3n. Es un pavimento de doble capa con propiedades antideslizantes y con una alta durabilidad. Por su formato, es un elemento que se puede combinar con todo tipo de pavimentos de Fenollar, permitiendo as\u00ed generar una gran variedad de geometr\u00edas y variaciones crom\u00e1ticas. Por sus caracter\u00edsticas de resistencia mec\u00e1nica a la rotura, impacto y desgaste, este producto es ideal para usos en zonas exteriores de tr\u00e1fico de veh\u00edculos ligero, aceras, parques, jardines, piscinas, plazas, bulevares y zonas de car\u00e1cter ornamental para accesos a edificios.<\/p>\n<p>Ref Gris : 04524<\/p>\n<p>Norma UNE-EN 1338<\/p>\n","protected":false},"featured_media":187,"template":"","meta":{"_acf_changed":false,"_kad_post_transparent":"","_kad_post_title":"","_kad_post_layout":"","_kad_post_sidebar_id":"","_kad_post_content_style":"","_kad_post_vertical_padding":"","_kad_post_feature":"","_kad_post_feature_position":"","_kad_post_header":false,"_kad_post_footer":false,"_kad_post_classname":""},"product_brand":[],"product_cat":[21],"product_tag":[32,33,31],"class_list":{"0":"post-181","1":"product","2":"type-product","3":"status-publish","4":"has-post-thumbnail","6":"product_cat-horizontal","7":"product_tag-adoquin","8":"product_tag-bisel","9":"product_tag-gris","11":"first","12":"instock","13":"taxable","14":"shipping-taxable","15":"purchasable","16":"product-type-variable","17":"entry","18":"content-bg","19":"loop-entry"},"acf":[],"_links":{"self":[{"href":"https:\/\/alfredofenollar.com\/tienda\/wp-json\/wp\/v2\/product\/181","targetHints":{"allow":["GET"]}}],"collection":[{"href":"https:\/\/alfredofenollar.com\/tienda\/wp-json\/wp\/v2\/product"}],"about":[{"href":"https:\/\/alfredofenollar.com\/tienda\/wp-json\/wp\/v2\/types\/product"}],"version-history":[{"count":8,"href":"https:\/\/alfredofenollar.com\/tienda\/wp-json\/wp\/v2\/product\/181\/revisions"}],"predecessor-version":[{"id":810,"href":"https:\/\/alfredofenollar.com\/tienda\/wp-json\/wp\/v2\/product\/181\/revisions\/810"}],"wp:featuredmedia":[{"embeddable":true,"href":"https:\/\/alfredofenollar.com\/tienda\/wp-json\/wp\/v2\/media\/187"}],"wp:attachment":[{"href":"https:\/\/alfredofenollar.com\/tienda\/wp-json\/wp\/v2\/media?parent=181"}],"wp:term":[{"taxonomy":"product_brand","embeddable":true,"href":"https:\/\/alfredofenollar.com\/tienda\/wp-json\/wp\/v2\/product_brand?post=181"},{"taxonomy":"product_cat","embeddable":true,"href":"https:\/\/alfredofenollar.com\/tienda\/wp-json\/wp\/v2\/product_cat?post=181"},{"taxonomy":"product_tag","embeddable":true,"href":"https:\/\/alfredofenollar.com\/tienda\/wp-json\/wp\/v2\/product_tag?post=181"}],"curies":[{"name":"wp","href":"https:\/\/api.w.org\/{rel}","templated":true}]}}