{"id":386,"date":"2024-03-19T02:48:55","date_gmt":"2024-03-19T02:48:55","guid":{"rendered":"https:\/\/alfredofenollar.com\/tienda\/?page_id=386"},"modified":"2024-03-19T03:02:39","modified_gmt":"2024-03-19T03:02:39","slug":"condiciones-generales-de-venta","status":"publish","type":"page","link":"https:\/\/alfredofenollar.com\/tienda\/condiciones-generales-de-venta\/","title":{"rendered":"Condiciones generales de venta\u00a0"},"content":{"rendered":"\t\t<div data-elementor-type=\"wp-page\" data-elementor-id=\"386\" class=\"elementor elementor-386\" data-elementor-post-type=\"page\">\n\t\t\t\t<div class=\"elementor-element elementor-element-5ccece4 e-flex e-con-boxed e-con e-parent\" data-id=\"5ccece4\" data-element_type=\"container\" data-e-type=\"container\" data-settings=\"{&quot;background_background&quot;:&quot;slideshow&quot;,&quot;background_slideshow_gallery&quot;:[{&quot;id&quot;:52,&quot;url&quot;:&quot;https:\\\/\\\/alfredofenollar.com\\\/tienda\\\/wp-content\\\/uploads\\\/2024\\\/02\\\/Proyect-32.jpg&quot;},{&quot;id&quot;:53,&quot;url&quot;:&quot;https:\\\/\\\/alfredofenollar.com\\\/tienda\\\/wp-content\\\/uploads\\\/2024\\\/02\\\/Proyect-34.jpg&quot;},{&quot;id&quot;:54,&quot;url&quot;:&quot;https:\\\/\\\/alfredofenollar.com\\\/tienda\\\/wp-content\\\/uploads\\\/2024\\\/02\\\/Proyect-36.jpg&quot;},{&quot;id&quot;:55,&quot;url&quot;:&quot;https:\\\/\\\/alfredofenollar.com\\\/tienda\\\/wp-content\\\/uploads\\\/2024\\\/02\\\/Proyect-28.jpg&quot;}],&quot;background_slideshow_loop&quot;:&quot;yes&quot;,&quot;background_slideshow_slide_duration&quot;:5000,&quot;background_slideshow_slide_transition&quot;:&quot;fade&quot;,&quot;background_slideshow_transition_duration&quot;:500}\">\n\t\t\t\t\t<div class=\"e-con-inner\">\n\t\t<div class=\"elementor-element elementor-element-d2e599c e-con-full e-flex e-con e-child\" data-id=\"d2e599c\" data-element_type=\"container\" data-e-type=\"container\">\n\t\t\t\t<div class=\"elementor-element elementor-element-f191eef elementor-widget elementor-widget-heading\" data-id=\"f191eef\" data-element_type=\"widget\" data-e-type=\"widget\" data-widget_type=\"heading.default\">\n\t\t\t\t<div class=\"elementor-widget-container\">\n\t\t\t\t\t<h2 class=\"elementor-heading-title elementor-size-default\">Condiciones generales de venta\u00a0<\/h2>\t\t\t\t<\/div>\n\t\t\t\t<\/div>\n\t\t\t\t<div class=\"elementor-element elementor-element-a506b10 elementor-widget-divider--view-line elementor-widget elementor-widget-divider\" data-id=\"a506b10\" data-element_type=\"widget\" data-e-type=\"widget\" data-widget_type=\"divider.default\">\n\t\t\t\t<div class=\"elementor-widget-container\">\n\t\t\t\t\t\t\t<div class=\"elementor-divider\">\n\t\t\t<span class=\"elementor-divider-separator\">\n\t\t\t\t\t\t<\/span>\n\t\t<\/div>\n\t\t\t\t\t\t<\/div>\n\t\t\t\t<\/div>\n\t\t\t\t<\/div>\n\t\t\t\t\t<\/div>\n\t\t\t\t<\/div>\n\t\t<div class=\"elementor-element elementor-element-d7cee70 e-flex e-con-boxed e-con e-parent\" data-id=\"d7cee70\" data-element_type=\"container\" data-e-type=\"container\">\n\t\t\t\t\t<div class=\"e-con-inner\">\n\t\t<div class=\"elementor-element elementor-element-f9ea87b e-con-full e-flex e-con e-child\" data-id=\"f9ea87b\" data-element_type=\"container\" data-e-type=\"container\">\n\t\t\t\t<div class=\"elementor-element elementor-element-e15b244 elementor-widget elementor-widget-text-editor\" data-id=\"e15b244\" data-element_type=\"widget\" data-e-type=\"widget\" data-widget_type=\"text-editor.default\">\n\t\t\t\t<div class=\"elementor-widget-container\">\n\t\t\t\t\t\t\t\t\t<p><strong>Suministro\u00a0 \u00a0 \u00a0 \u00a0 \u00a0 \u00a0 \u00a0<\/strong><\/p><p>Para el inicio del suministro ser\u00e1 indispensable haber recibido el pago. Con la confirmaci\u00f3n del pedido, Fenollar informar\u00e1 del plazo de entrega al cliente y a su vez el cliente deber\u00e1 concretar la fecha prevista de inicio de suministro.<\/p><p><strong>Portes<\/strong><\/p><p>En caso de que el tr\u00e1iler no pudiese entrar en la obra y tuviera que ir otro cami\u00f3n de menor tama\u00f1o o la descarga se demorara por causas ajenas a Fenollar, se cobrar\u00e1n los correspondientes portes u horas de descarga seg\u00fan tarifa vigente.<\/p><p><strong>Palets\u00a0 \u00a0 \u00a0 \u00a0 \u00a0 \u00a0 \u00a0 \u00a0\u00a0<\/strong><\/p><p>Los palets son no retornables.<\/p><p><strong>Condiciones de pago y facturaci\u00f3n<\/strong><\/p><p>Pago al contado mediante tarjeta de cr\u00e9dito o d\u00e9bito v\u00e1lida.<strong>\u00a0 \u00a0 \u00a0 \u00a0 \u00a0 \u00a0 \u00a0 \u00a0 \u00a0 \u00a0 \u00a0 \u00a0 \u00a0 \u00a0 \u00a0 \u00a0 \u00a0 \u00a0 \u00a0 \u00a0 \u00a0 \u00a0 \u00a0 \u00a0 \u00a0 \u00a0<\/strong><\/p><p><strong>Devoluciones\u00a0\u00a0\u00a0\u00a0\u00a0\u00a0\u00a0\u00a0\u00a0\u00a0\u00a0\u00a0\u00a0\u00a0\u00a0\u00a0\u00a0\u00a0\u00a0\u00a0\u00a0\u00a0\u00a0\u00a0\u00a0\u00a0\u00a0\u00a0\u00a0\u00a0\u00a0\u00a0\u00a0\u00a0\u00a0\u00a0\u00a0\u00a0\u00a0\u00a0\u00a0\u00a0\u00a0\u00a0\u00a0\u00a0\u00a0\u00a0\u00a0\u00a0\u00a0\u00a0\u00a0\u00a0\u00a0\u00a0\u00a0<\/strong><\/p><p>No se aceptan en ning\u00fan caso devoluciones, ni cambios de material.<\/p><p><strong>Reclamaci\u00f3n y ensayos\u00a0\u00a0\u00a0\u00a0<\/strong><\/p><p>Cualquier reclamaci\u00f3n debe hacerse imperativamente antes de la colocaci\u00f3n de los materiales. Si se colocasen productos estropeados o con defectos generales la responsabilidad nunca ser\u00e1 de Fenollar.<\/p><p>No se admitir\u00e1 ning\u00fan tipo de reclamaci\u00f3n o ensayo sobre material colocado en obra.<\/p><p>El cliente debe verificar el estado del material a su recepci\u00f3n y ser\u00e1n admitidas por el cliente un 3% de las roturas\/desportilladuras que puedan sufrir los materiales sobre el cami\u00f3n en su transporte a obra. Fenollar abonar\u00e1 las que supere ese l\u00edmite, siempre que se haga constar en el albar\u00e1n y sean devueltas a f\u00e1brica.<\/p><p>No se admite ning\u00fan tipo de reclamaci\u00f3n pasados los 15 d\u00edas de su entrega.\u201d<\/p><p><strong>Aspecto visual\u00a0\u00a0 <\/strong><\/p><p>Un mismo color puede ofrecer tonalidades diferentes causadas por la naturaleza propia de las materias primas, estos cambios de tonalidad no son imputables a un defecto de fabricaci\u00f3n.<\/p>\t\t\t\t\t\t\t\t<\/div>\n\t\t\t\t<\/div>\n\t\t\t\t<\/div>\n\t\t\t\t\t<\/div>\n\t\t\t\t<\/div>\n\t\t\t\t<\/div>\n\t\t","protected":false},"excerpt":{"rendered":"<p>Suministro\u00a0 \u00a0 \u00a0 \u00a0 \u00a0 \u00a0 \u00a0 Para el inicio del suministro ser\u00e1 indispensable haber recibido el pago. Con la confirmaci\u00f3n del pedido, Fenollar informar\u00e1 del plazo de entrega al cliente y a su vez el cliente deber\u00e1 concretar la fecha prevista de inicio de suministro. Portes En caso de que el tr\u00e1iler no pudiese&#8230;<\/p>\n","protected":false},"author":1,"featured_media":0,"parent":0,"menu_order":0,"comment_status":"closed","ping_status":"closed","template":"","meta":{"_acf_changed":false,"_kad_post_transparent":"","_kad_post_title":"","_kad_post_layout":"","_kad_post_sidebar_id":"","_kad_post_content_style":"","_kad_post_vertical_padding":"","_kad_post_feature":"","_kad_post_feature_position":"","_kad_post_header":false,"_kad_post_footer":false,"_kad_post_classname":"","footnotes":""},"class_list":["post-386","page","type-page","status-publish","hentry"],"acf":[],"_links":{"self":[{"href":"https:\/\/alfredofenollar.com\/tienda\/wp-json\/wp\/v2\/pages\/386","targetHints":{"allow":["GET"]}}],"collection":[{"href":"https:\/\/alfredofenollar.com\/tienda\/wp-json\/wp\/v2\/pages"}],"about":[{"href":"https:\/\/alfredofenollar.com\/tienda\/wp-json\/wp\/v2\/types\/page"}],"author":[{"embeddable":true,"href":"https:\/\/alfredofenollar.com\/tienda\/wp-json\/wp\/v2\/users\/1"}],"replies":[{"embeddable":true,"href":"https:\/\/alfredofenollar.com\/tienda\/wp-json\/wp\/v2\/comments?post=386"}],"version-history":[{"count":4,"href":"https:\/\/alfredofenollar.com\/tienda\/wp-json\/wp\/v2\/pages\/386\/revisions"}],"predecessor-version":[{"id":411,"href":"https:\/\/alfredofenollar.com\/tienda\/wp-json\/wp\/v2\/pages\/386\/revisions\/411"}],"wp:attachment":[{"href":"https:\/\/alfredofenollar.com\/tienda\/wp-json\/wp\/v2\/media?parent=386"}],"curies":[{"name":"wp","href":"https:\/\/api.w.org\/{rel}","templated":true}]}}